{"id":354,"date":"2015-11-02T13:13:30","date_gmt":"2015-11-02T13:13:30","guid":{"rendered":"http:\/\/artegraficanet.com.ar\/blog\/?page_id=354"},"modified":"2023-08-29T01:48:55","modified_gmt":"2023-08-29T01:48:55","slug":"preguntas-frecuentes","status":"publish","type":"page","link":"http:\/\/artegraficanet.com.ar\/blog\/?page_id=354","title":{"rendered":"Preguntas frecuentes"},"content":{"rendered":"<h3 class=\"p1\"><span style=\"color: #ff6600;\">\u00bf C\u00f3mo solicitar un presupuesto ?<\/span><\/h3>\n<p>Por e-mail <strong>info@artegraficanet.com.ar<\/strong><\/p>\n<p>Indicando\u00a0cantidad, tama\u00f1o, material, impresi\u00f3n, y terminaciones, si ya lo tiene dise\u00f1ado enviar un jpg de referencia.<\/p>\n<h3 class=\"p1\"><span style=\"color: #ff6600;\">\u00bf Pedidos ?<\/span><\/h3>\n<p>Por e-mail a <strong>info@artegraficanet.com.ar<\/strong><\/p>\n<h3><span style=\"color: #ff6600;\">Entregas a Domicilio<br \/>\n<\/span><\/h3>\n<p>En C.A.B.A. sin cargo, Pcia. consulte.<\/p>\n<h3><span style=\"color: #ff6600; font-family: Lobster; line-height: 1.5;\">Plazos de\u00a0Producci\u00f3n<\/span><\/h3>\n<p>8 d\u00edas corridos una vez se\u00f1ado el trabajo y habiendo aprobado el dise\u00f1o.<\/p>\n<h3 class=\"p1\"><span style=\"color: #ff6600;\">Formas de pago<\/span><\/h3>\n<p>Se\u00f1a del 50 % del total del presupuesto \/ saldo contra entrega por transferencia bancaria.<\/p>\n<h3 class=\"p4\"><span style=\"color: #ff6600;\">Datos requeridos para solicitar comprobantes AFIP<\/span><\/h3>\n<p class=\"p3\"><strong>Adjuntar constancia del CUIT, constancia de Ing. Brutos, constancia de CAI<\/strong><\/p>\n<p class=\"p3\">Indicar Tama\u00f1o deseado 15 x 20 cm. o A4<\/p>\n<p class=\"p3\">Impresi\u00f3n en color &#8230;&#8230;&#8230;&#8230;&#8230;&#8230;&#8230;&#8230;&#8230;&#8230;&#8230;&#8230;&#8230;..<\/p>\n<p class=\"p3\">N\u00ba de copias\u00a0 &#8230;&#8230;&#8230;&#8230;&#8230;&#8230;&#8230;&#8230;&#8230;&#8230;&#8230;\u00a0 color (amarillo \/ rosa \/ celeste \/ verde)<\/p>\n<p class=\"p3\">Terminaci\u00f3n (sueltos para impresora \/ engomados \/ puntillados y abrochados)<\/p>\n<h3 class=\"p3\"><span style=\"color: #ff6600;\">Como enviar archivos para impresi\u00f3n<\/span><\/h3>\n<p class=\"p3\">-Corel Draw guardado en formato ai.<\/p>\n<p class=\"p3\">-Adobe Ilustrator o Indesign (CS6) o en su defecto archivo extension .pdf<\/p>\n<p class=\"p3\">-Tipograf\u00edas en curvas\u00a0(Seleccionar todos los textos y convertirlos a vector -create outlines-).<\/p>\n<p class=\"p3\">-Im\u00e1genes linkeadas\u00a0(adjuntando aparte archivos utilizados extensi\u00f3n Tiff o JPG)<\/p>\n<p class=\"p3\">-Tenga en cuenta las demas\u00edas de corte 3mm. por lado.<\/p>\n<p class=\"p3\">-Si tiene de 1 a 3 colores asignar pantone solid uncoated.<\/p>\n<p class=\"p3\">-Si es a 4 colores todo deber\u00e1 estar en CMYB.<\/p>\n<p class=\"p1\">-Si el dise\u00f1o pesa -10 megas enviar por e-mail<\/p>\n","protected":false},"excerpt":{"rendered":"<p>\u00bf C\u00f3mo solicitar un presupuesto ? Por e-mail info@artegraficanet.com.ar Indicando\u00a0cantidad, tama\u00f1o, material, impresi\u00f3n, y terminaciones, si ya lo tiene dise\u00f1ado enviar un jpg de referencia. \u00bf Pedidos ? Por e-mail a info@artegraficanet.com.ar Entregas a Domicilio En C.A.B.A. sin cargo, Pcia. consulte. Plazos de\u00a0Producci\u00f3n 8 d\u00edas corridos una vez se\u00f1ado el trabajo y habiendo aprobado el [&hellip;]<\/p>\n","protected":false},"author":1,"featured_media":0,"parent":0,"menu_order":0,"comment_status":"closed","ping_status":"closed","template":"","meta":{"footnotes":""},"class_list":["post-354","page","type-page","status-publish","czr-hentry"],"_links":{"self":[{"href":"http:\/\/artegraficanet.com.ar\/blog\/index.php?rest_route=\/wp\/v2\/pages\/354","targetHints":{"allow":["GET"]}}],"collection":[{"href":"http:\/\/artegraficanet.com.ar\/blog\/index.php?rest_route=\/wp\/v2\/pages"}],"about":[{"href":"http:\/\/artegraficanet.com.ar\/blog\/index.php?rest_route=\/wp\/v2\/types\/page"}],"author":[{"embeddable":true,"href":"http:\/\/artegraficanet.com.ar\/blog\/index.php?rest_route=\/wp\/v2\/users\/1"}],"replies":[{"embeddable":true,"href":"http:\/\/artegraficanet.com.ar\/blog\/index.php?rest_route=%2Fwp%2Fv2%2Fcomments&post=354"}],"version-history":[{"count":11,"href":"http:\/\/artegraficanet.com.ar\/blog\/index.php?rest_route=\/wp\/v2\/pages\/354\/revisions"}],"predecessor-version":[{"id":948,"href":"http:\/\/artegraficanet.com.ar\/blog\/index.php?rest_route=\/wp\/v2\/pages\/354\/revisions\/948"}],"wp:attachment":[{"href":"http:\/\/artegraficanet.com.ar\/blog\/index.php?rest_route=%2Fwp%2Fv2%2Fmedia&parent=354"}],"curies":[{"name":"wp","href":"https:\/\/api.w.org\/{rel}","templated":true}]}}