{"id":49,"date":"2015-10-07T18:28:23","date_gmt":"2015-10-07T18:28:23","guid":{"rendered":"http:\/\/artegraficanet.com.ar\/blog\/?page_id=49"},"modified":"2021-01-20T17:23:52","modified_gmt":"2021-01-20T17:23:52","slug":"diseno","status":"publish","type":"page","link":"http:\/\/artegraficanet.com.ar\/blog\/?page_id=49","title":{"rendered":"Dise\u00f1o"},"content":{"rendered":"<p class=\"p1\" style=\"text-align: left;\"><strong><span style=\"color: #000000;\">Dise\u00f1o de imagen corporativa<\/span><\/strong><\/p>\n<p class=\"p1\"><span style=\"color: #000000;\">. \u00a0Sistema de identidad visual que busca dirigir la percepci\u00f3n que se tiene de una marca o empresa dentro del mercado frente a la competencia.<\/span><\/p>\n<p class=\"p1\"><span style=\"color: #000000;\">. \u00a0Generaci\u00f3n y actualizaci\u00f3n de marca \u00a0<\/span><span style=\"color: #000000;\">mediante la creaci\u00f3n o actualizac\u00f3n del logo.<\/span><\/p>\n<p class=\"p1\"><span style=\"color: #000000;\">. \u00a0Dise\u00f1o de papeleria comercial<\/span><\/p>\n<p class=\"p1\"><span style=\"color: #000000;\">. \u00a0Diferentes piezas gr\u00e1ficas que permiten una presentaci\u00f3n profesional de sus documentos y servicios y contienen la informaci\u00f3n de contacto empresarial.<\/span><\/p>\n<p class=\"p1\" style=\"text-align: left;\"><strong><span style=\"color: #000000;\">Dise\u00f1o virtual<\/span><\/strong><\/p>\n<p class=\"p1\"><span style=\"color: #000000;\">. \u00a0Firma para e-mail<\/span><\/p>\n<p class=\"p1\"><span style=\"color: #000000;\">. \u00a0Mailing env\u00edo de informaci\u00f3n publicitaria por correo a un gran n\u00famero de personas de manera directa y personalizada.<\/span><\/p>\n<p class=\"p1\"><span style=\"color: #000000;\">. \u00a0Presentaci\u00f3n de Servicios \/ Promociones \/ Ofertas \/ Tarjetas Fin de A\u00f1o \/ Aviso de mundanza \/ Cambios de contacto \/ Cierre por vacaciones<\/span><\/p>\n<p class=\"p1\"><span style=\"color: #000000;\">. \u00a0Fan Page<\/span><\/p>\n<p class=\"p1\"><span style=\"color: #000000;\">. \u00a0Blogs<\/span><\/p>\n<p><a href=\"http:\/\/artegraficanet.com.ar\/blog\/wp-content\/uploads\/2020\/07\/delices_irresistibles_logotipo.jpg\"><img loading=\"lazy\" decoding=\"async\" class=\"aligncenter size-full wp-image-898\" src=\"http:\/\/artegraficanet.com.ar\/blog\/wp-content\/uploads\/2020\/07\/delices_irresistibles_logotipo.jpg\" alt=\"\" width=\"545\" height=\"346\" srcset=\"http:\/\/artegraficanet.com.ar\/blog\/wp-content\/uploads\/2020\/07\/delices_irresistibles_logotipo.jpg 545w, http:\/\/artegraficanet.com.ar\/blog\/wp-content\/uploads\/2020\/07\/delices_irresistibles_logotipo-300x190.jpg 300w\" sizes=\"auto, (max-width: 545px) 100vw, 545px\" \/><\/a><\/p>\n<p><a href=\"http:\/\/artegraficanet.com.ar\/blog\/wp-content\/uploads\/2020\/07\/delfi_logo.jpg\"><img loading=\"lazy\" decoding=\"async\" class=\"aligncenter size-full wp-image-897\" src=\"http:\/\/artegraficanet.com.ar\/blog\/wp-content\/uploads\/2020\/07\/delfi_logo.jpg\" alt=\"\" width=\"495\" height=\"407\" srcset=\"http:\/\/artegraficanet.com.ar\/blog\/wp-content\/uploads\/2020\/07\/delfi_logo.jpg 495w, http:\/\/artegraficanet.com.ar\/blog\/wp-content\/uploads\/2020\/07\/delfi_logo-300x247.jpg 300w\" sizes=\"auto, (max-width: 495px) 100vw, 495px\" \/><\/a><\/p>\n<p><a href=\"http:\/\/artegraficanet.com.ar\/blog\/wp-content\/uploads\/2020\/02\/paamul_logo.jpg\"><img loading=\"lazy\" decoding=\"async\" class=\"aligncenter size-full wp-image-810\" src=\"http:\/\/artegraficanet.com.ar\/blog\/wp-content\/uploads\/2020\/02\/paamul_logo.jpg\" alt=\"\" width=\"510\" height=\"171\" srcset=\"http:\/\/artegraficanet.com.ar\/blog\/wp-content\/uploads\/2020\/02\/paamul_logo.jpg 510w, http:\/\/artegraficanet.com.ar\/blog\/wp-content\/uploads\/2020\/02\/paamul_logo-300x101.jpg 300w\" sizes=\"auto, (max-width: 510px) 100vw, 510px\" \/><\/a><\/p>\n<p><a href=\"http:\/\/artegraficanet.com.ar\/blog\/wp-content\/uploads\/2020\/02\/cde_logo.jpg\"><img loading=\"lazy\" decoding=\"async\" class=\"aligncenter size-full wp-image-809\" src=\"http:\/\/artegraficanet.com.ar\/blog\/wp-content\/uploads\/2020\/02\/cde_logo.jpg\" alt=\"\" width=\"498\" height=\"285\" srcset=\"http:\/\/artegraficanet.com.ar\/blog\/wp-content\/uploads\/2020\/02\/cde_logo.jpg 498w, http:\/\/artegraficanet.com.ar\/blog\/wp-content\/uploads\/2020\/02\/cde_logo-300x172.jpg 300w\" sizes=\"auto, (max-width: 498px) 100vw, 498px\" \/><\/a><\/p>\n<p><img loading=\"lazy\" decoding=\"async\" class=\"aligncenter size-large wp-image-806\" src=\"http:\/\/artegraficanet.com.ar\/blog\/wp-content\/uploads\/2020\/02\/Networklink_logotipo-final-1024x390.jpg\" alt=\"\" width=\"1024\" height=\"390\" srcset=\"http:\/\/artegraficanet.com.ar\/blog\/wp-content\/uploads\/2020\/02\/Networklink_logotipo-final-1024x390.jpg 1024w, http:\/\/artegraficanet.com.ar\/blog\/wp-content\/uploads\/2020\/02\/Networklink_logotipo-final-300x114.jpg 300w, http:\/\/artegraficanet.com.ar\/blog\/wp-content\/uploads\/2020\/02\/Networklink_logotipo-final-768x293.jpg 768w, http:\/\/artegraficanet.com.ar\/blog\/wp-content\/uploads\/2020\/02\/Networklink_logotipo-final.jpg 1197w\" sizes=\"auto, (max-width: 1024px) 100vw, 1024px\" \/><a href=\"http:\/\/artegraficanet.com.ar\/blog\/wp-content\/uploads\/2020\/02\/febel_viajes.jpg\"><img loading=\"lazy\" decoding=\"async\" class=\"aligncenter size-full wp-image-808\" src=\"http:\/\/artegraficanet.com.ar\/blog\/wp-content\/uploads\/2020\/02\/febel_viajes.jpg\" alt=\"\" width=\"366\" height=\"362\" srcset=\"http:\/\/artegraficanet.com.ar\/blog\/wp-content\/uploads\/2020\/02\/febel_viajes.jpg 366w, http:\/\/artegraficanet.com.ar\/blog\/wp-content\/uploads\/2020\/02\/febel_viajes-300x297.jpg 300w\" sizes=\"auto, (max-width: 366px) 100vw, 366px\" \/><\/a><\/p>\n<p><a href=\"http:\/\/artegraficanet.com.ar\/blog\/wp-content\/uploads\/2020\/02\/crescendo_logo.jpg\"><img loading=\"lazy\" decoding=\"async\" class=\"aligncenter size-full wp-image-805\" src=\"http:\/\/artegraficanet.com.ar\/blog\/wp-content\/uploads\/2020\/02\/crescendo_logo.jpg\" alt=\"\" width=\"652\" height=\"172\" srcset=\"http:\/\/artegraficanet.com.ar\/blog\/wp-content\/uploads\/2020\/02\/crescendo_logo.jpg 652w, http:\/\/artegraficanet.com.ar\/blog\/wp-content\/uploads\/2020\/02\/crescendo_logo-300x79.jpg 300w\" sizes=\"auto, (max-width: 652px) 100vw, 652px\" \/><\/a><\/p>\n<p class=\"p1\"><span style=\"color: #000000;\"><a href=\"http:\/\/artegraficanet.com.ar\/blog\/wp-content\/uploads\/2015\/10\/aM_logotipo.jpg\"><img loading=\"lazy\" decoding=\"async\" class=\"size-full wp-image-50 aligncenter\" src=\"http:\/\/artegraficanet.com.ar\/blog\/wp-content\/uploads\/2015\/10\/aM_logotipo.jpg\" alt=\"a&amp;M_logotipo\" width=\"726\" height=\"399\" srcset=\"http:\/\/artegraficanet.com.ar\/blog\/wp-content\/uploads\/2015\/10\/aM_logotipo.jpg 726w, http:\/\/artegraficanet.com.ar\/blog\/wp-content\/uploads\/2015\/10\/aM_logotipo-300x165.jpg 300w\" sizes=\"auto, (max-width: 726px) 100vw, 726px\" \/><\/a> <a href=\"http:\/\/artegraficanet.com.ar\/blog\/wp-content\/uploads\/2015\/10\/ALONKURA_logotipo.jpg\"><img loading=\"lazy\" decoding=\"async\" class=\"size-large wp-image-51 aligncenter\" src=\"http:\/\/artegraficanet.com.ar\/blog\/wp-content\/uploads\/2015\/10\/ALONKURA_logotipo.jpg\" alt=\"ALONKURA_logotipo\" width=\"726\" height=\"397\" srcset=\"http:\/\/artegraficanet.com.ar\/blog\/wp-content\/uploads\/2015\/10\/ALONKURA_logotipo.jpg 726w, http:\/\/artegraficanet.com.ar\/blog\/wp-content\/uploads\/2015\/10\/ALONKURA_logotipo-300x164.jpg 300w\" sizes=\"auto, (max-width: 726px) 100vw, 726px\" \/><\/a> <a href=\"http:\/\/artegraficanet.com.ar\/blog\/wp-content\/uploads\/2015\/10\/azurra_logotipo.jpg\"><img loading=\"lazy\" decoding=\"async\" class=\"size-large wp-image-52 aligncenter\" src=\"http:\/\/artegraficanet.com.ar\/blog\/wp-content\/uploads\/2015\/10\/azurra_logotipo.jpg\" alt=\"azurra_logotipo\" width=\"726\" height=\"356\" srcset=\"http:\/\/artegraficanet.com.ar\/blog\/wp-content\/uploads\/2015\/10\/azurra_logotipo.jpg 726w, http:\/\/artegraficanet.com.ar\/blog\/wp-content\/uploads\/2015\/10\/azurra_logotipo-300x147.jpg 300w\" sizes=\"auto, (max-width: 726px) 100vw, 726px\" \/><\/a> <a href=\"http:\/\/artegraficanet.com.ar\/blog\/wp-content\/uploads\/2015\/10\/bycom_logotipo.jpg\"><img loading=\"lazy\" decoding=\"async\" class=\"size-large wp-image-53 aligncenter\" src=\"http:\/\/artegraficanet.com.ar\/blog\/wp-content\/uploads\/2015\/10\/bycom_logotipo.jpg\" alt=\"bycom_logotipo\" width=\"726\" height=\"263\" srcset=\"http:\/\/artegraficanet.com.ar\/blog\/wp-content\/uploads\/2015\/10\/bycom_logotipo.jpg 726w, http:\/\/artegraficanet.com.ar\/blog\/wp-content\/uploads\/2015\/10\/bycom_logotipo-300x109.jpg 300w\" sizes=\"auto, (max-width: 726px) 100vw, 726px\" \/><\/a> <\/span><\/p>\n<p class=\"p1\"><span style=\"color: #000000;\"><a href=\"http:\/\/artegraficanet.com.ar\/blog\/wp-content\/uploads\/2015\/10\/CAPEC_LOGO.jpg\"><img loading=\"lazy\" decoding=\"async\" class=\"size-large wp-image-54 aligncenter\" src=\"http:\/\/artegraficanet.com.ar\/blog\/wp-content\/uploads\/2015\/10\/CAPEC_LOGO.jpg\" alt=\"CAPEC_LOGO\" width=\"478\" height=\"434\" srcset=\"http:\/\/artegraficanet.com.ar\/blog\/wp-content\/uploads\/2015\/10\/CAPEC_LOGO.jpg 478w, http:\/\/artegraficanet.com.ar\/blog\/wp-content\/uploads\/2015\/10\/CAPEC_LOGO-300x272.jpg 300w\" sizes=\"auto, (max-width: 478px) 100vw, 478px\" \/><\/a><br \/><a href=\"http:\/\/artegraficanet.com.ar\/blog\/wp-content\/uploads\/2015\/10\/drogueria_logotipo.jpg\"><br \/><img loading=\"lazy\" decoding=\"async\" class=\"size-large wp-image-57 aligncenter\" src=\"http:\/\/artegraficanet.com.ar\/blog\/wp-content\/uploads\/2015\/10\/drogueria_logotipo.jpg\" alt=\"drogueria_logotipo\" width=\"537\" height=\"243\" srcset=\"http:\/\/artegraficanet.com.ar\/blog\/wp-content\/uploads\/2015\/10\/drogueria_logotipo.jpg 537w, http:\/\/artegraficanet.com.ar\/blog\/wp-content\/uploads\/2015\/10\/drogueria_logotipo-300x136.jpg 300w\" sizes=\"auto, (max-width: 537px) 100vw, 537px\" \/><\/a> <a href=\"http:\/\/artegraficanet.com.ar\/blog\/wp-content\/uploads\/2021\/01\/Escribania_Blacher_logo.jpg\"><img loading=\"lazy\" decoding=\"async\" class=\"aligncenter size-full wp-image-937\" src=\"http:\/\/artegraficanet.com.ar\/blog\/wp-content\/uploads\/2021\/01\/Escribania_Blacher_logo.jpg\" alt=\"\" width=\"806\" height=\"254\" srcset=\"http:\/\/artegraficanet.com.ar\/blog\/wp-content\/uploads\/2021\/01\/Escribania_Blacher_logo.jpg 806w, http:\/\/artegraficanet.com.ar\/blog\/wp-content\/uploads\/2021\/01\/Escribania_Blacher_logo-300x95.jpg 300w, http:\/\/artegraficanet.com.ar\/blog\/wp-content\/uploads\/2021\/01\/Escribania_Blacher_logo-768x242.jpg 768w\" sizes=\"auto, (max-width: 806px) 100vw, 806px\" \/><\/a><\/span><\/p>\n<p>\u00a0<\/p>\n<p class=\"p1\"><span style=\"color: #000000;\"> <a href=\"http:\/\/artegraficanet.com.ar\/blog\/wp-content\/uploads\/2015\/10\/FEJUROM_logotipo.jpg\"><img loading=\"lazy\" decoding=\"async\" class=\"size-large wp-image-59 aligncenter\" src=\"http:\/\/artegraficanet.com.ar\/blog\/wp-content\/uploads\/2015\/10\/FEJUROM_logotipo.jpg\" alt=\"FEJUROM_logotipo\" width=\"696\" height=\"378\" srcset=\"http:\/\/artegraficanet.com.ar\/blog\/wp-content\/uploads\/2015\/10\/FEJUROM_logotipo.jpg 696w, http:\/\/artegraficanet.com.ar\/blog\/wp-content\/uploads\/2015\/10\/FEJUROM_logotipo-300x163.jpg 300w\" sizes=\"auto, (max-width: 696px) 100vw, 696px\" \/><\/a> <a href=\"http:\/\/artegraficanet.com.ar\/blog\/wp-content\/uploads\/2015\/10\/FOTO_FOOD_logotipo.jpg\"><img loading=\"lazy\" decoding=\"async\" class=\"size-large wp-image-60 aligncenter\" src=\"http:\/\/artegraficanet.com.ar\/blog\/wp-content\/uploads\/2015\/10\/FOTO_FOOD_logotipo.jpg\" alt=\"FOTO_FOOD_logotipo\" width=\"589\" height=\"262\" srcset=\"http:\/\/artegraficanet.com.ar\/blog\/wp-content\/uploads\/2015\/10\/FOTO_FOOD_logotipo.jpg 589w, http:\/\/artegraficanet.com.ar\/blog\/wp-content\/uploads\/2015\/10\/FOTO_FOOD_logotipo-300x133.jpg 300w\" sizes=\"auto, (max-width: 589px) 100vw, 589px\" \/><\/a>\u00a0\u00a0<a href=\"http:\/\/artegraficanet.com.ar\/blog\/wp-content\/uploads\/2015\/10\/Mundo_kabala_logo.jpg\"><img loading=\"lazy\" decoding=\"async\" class=\"size-large wp-image-61 aligncenter\" src=\"http:\/\/artegraficanet.com.ar\/blog\/wp-content\/uploads\/2015\/10\/IT_logo.jpg\" alt=\"IT_logo\" width=\"488\" height=\"334\" srcset=\"http:\/\/artegraficanet.com.ar\/blog\/wp-content\/uploads\/2015\/10\/IT_logo.jpg 488w, http:\/\/artegraficanet.com.ar\/blog\/wp-content\/uploads\/2015\/10\/IT_logo-300x205.jpg 300w\" sizes=\"auto, (max-width: 488px) 100vw, 488px\" \/><\/a><\/span><\/p>\n<hr \/>\n<p><a href=\"http:\/\/artegraficanet.com.ar\/blog\/wp-content\/uploads\/2015\/10\/lymba_logo_face.jpg\"><img loading=\"lazy\" decoding=\"async\" class=\"size-full wp-image-69 aligncenter\" src=\"http:\/\/artegraficanet.com.ar\/blog\/wp-content\/uploads\/2015\/10\/lymba_logo_face.jpg\" alt=\"lymba_logo_face\" width=\"870\" height=\"424\" srcset=\"http:\/\/artegraficanet.com.ar\/blog\/wp-content\/uploads\/2015\/10\/lymba_logo_face.jpg 870w, http:\/\/artegraficanet.com.ar\/blog\/wp-content\/uploads\/2015\/10\/lymba_logo_face-300x146.jpg 300w\" sizes=\"auto, (max-width: 870px) 100vw, 870px\" \/><\/a><\/p>\n<hr \/>\n<p class=\"p1\"><span style=\"color: #000000;\"><a href=\"http:\/\/artegraficanet.com.ar\/blog\/wp-content\/uploads\/2015\/10\/Mundo_kabala_logo.jpg\"><img loading=\"lazy\" decoding=\"async\" class=\"size-large wp-image-62 aligncenter\" src=\"http:\/\/artegraficanet.com.ar\/blog\/wp-content\/uploads\/2015\/10\/Mundo_kabala_logo.jpg\" alt=\"Mundo_kabala_logo\" width=\"648\" height=\"198\" srcset=\"http:\/\/artegraficanet.com.ar\/blog\/wp-content\/uploads\/2015\/10\/Mundo_kabala_logo.jpg 648w, http:\/\/artegraficanet.com.ar\/blog\/wp-content\/uploads\/2015\/10\/Mundo_kabala_logo-300x92.jpg 300w\" sizes=\"auto, (max-width: 648px) 100vw, 648px\" \/><\/a> <a href=\"http:\/\/artegraficanet.com.ar\/blog\/wp-content\/uploads\/2015\/10\/NALA_logo.jpg\"><img loading=\"lazy\" decoding=\"async\" class=\"size-large wp-image-63 aligncenter\" src=\"http:\/\/artegraficanet.com.ar\/blog\/wp-content\/uploads\/2015\/10\/NALA_logo.jpg\" alt=\"NALA_logo\" width=\"555\" height=\"303\" srcset=\"http:\/\/artegraficanet.com.ar\/blog\/wp-content\/uploads\/2015\/10\/NALA_logo.jpg 555w, http:\/\/artegraficanet.com.ar\/blog\/wp-content\/uploads\/2015\/10\/NALA_logo-300x164.jpg 300w\" sizes=\"auto, (max-width: 555px) 100vw, 555px\" \/><\/a> <a href=\"http:\/\/artegraficanet.com.ar\/blog\/wp-content\/uploads\/2015\/10\/nuevos_aires_logotipo.jpg\"><img loading=\"lazy\" decoding=\"async\" class=\"size-large wp-image-64 aligncenter\" src=\"http:\/\/artegraficanet.com.ar\/blog\/wp-content\/uploads\/2015\/10\/nuevos_aires_logotipo.jpg\" alt=\"nuevos_aires_logotipo\" width=\"726\" height=\"197\" srcset=\"http:\/\/artegraficanet.com.ar\/blog\/wp-content\/uploads\/2015\/10\/nuevos_aires_logotipo.jpg 726w, http:\/\/artegraficanet.com.ar\/blog\/wp-content\/uploads\/2015\/10\/nuevos_aires_logotipo-300x81.jpg 300w\" sizes=\"auto, (max-width: 726px) 100vw, 726px\" \/><\/a>\u00a0<a href=\"http:\/\/artegraficanet.com.ar\/blog\/wp-content\/uploads\/2015\/10\/paamul_logotipo.jpg\"><img loading=\"lazy\" decoding=\"async\" class=\"size-large wp-image-65 aligncenter\" src=\"http:\/\/artegraficanet.com.ar\/blog\/wp-content\/uploads\/2015\/10\/ocean_logotipo.jpg\" alt=\"ocean_logotipo\" width=\"458\" height=\"425\" srcset=\"http:\/\/artegraficanet.com.ar\/blog\/wp-content\/uploads\/2015\/10\/ocean_logotipo.jpg 458w, http:\/\/artegraficanet.com.ar\/blog\/wp-content\/uploads\/2015\/10\/ocean_logotipo-300x278.jpg 300w\" sizes=\"auto, (max-width: 458px) 100vw, 458px\" \/><br \/><\/a><\/span><\/p>\n\n\n<p><\/p>\n","protected":false},"excerpt":{"rendered":"<p>Dise\u00f1o de imagen corporativa . \u00a0Sistema de identidad visual que busca dirigir la percepci\u00f3n que se tiene de una marca o empresa dentro del mercado frente a la competencia. . \u00a0Generaci\u00f3n y actualizaci\u00f3n de marca \u00a0mediante la creaci\u00f3n o actualizac\u00f3n del logo. . \u00a0Dise\u00f1o de papeleria comercial . \u00a0Diferentes piezas gr\u00e1ficas que permiten una presentaci\u00f3n [&hellip;]<\/p>\n","protected":false},"author":1,"featured_media":58,"parent":0,"menu_order":0,"comment_status":"closed","ping_status":"closed","template":"","meta":{"footnotes":""},"class_list":["post-49","page","type-page","status-publish","has-post-thumbnail","czr-hentry"],"_links":{"self":[{"href":"http:\/\/artegraficanet.com.ar\/blog\/index.php?rest_route=\/wp\/v2\/pages\/49","targetHints":{"allow":["GET"]}}],"collection":[{"href":"http:\/\/artegraficanet.com.ar\/blog\/index.php?rest_route=\/wp\/v2\/pages"}],"about":[{"href":"http:\/\/artegraficanet.com.ar\/blog\/index.php?rest_route=\/wp\/v2\/types\/page"}],"author":[{"embeddable":true,"href":"http:\/\/artegraficanet.com.ar\/blog\/index.php?rest_route=\/wp\/v2\/users\/1"}],"replies":[{"embeddable":true,"href":"http:\/\/artegraficanet.com.ar\/blog\/index.php?rest_route=%2Fwp%2Fv2%2Fcomments&post=49"}],"version-history":[{"count":8,"href":"http:\/\/artegraficanet.com.ar\/blog\/index.php?rest_route=\/wp\/v2\/pages\/49\/revisions"}],"predecessor-version":[{"id":939,"href":"http:\/\/artegraficanet.com.ar\/blog\/index.php?rest_route=\/wp\/v2\/pages\/49\/revisions\/939"}],"wp:featuredmedia":[{"embeddable":true,"href":"http:\/\/artegraficanet.com.ar\/blog\/index.php?rest_route=\/wp\/v2\/media\/58"}],"wp:attachment":[{"href":"http:\/\/artegraficanet.com.ar\/blog\/index.php?rest_route=%2Fwp%2Fv2%2Fmedia&parent=49"}],"curies":[{"name":"wp","href":"https:\/\/api.w.org\/{rel}","templated":true}]}}