{"id":814,"date":"2020-02-27T23:00:37","date_gmt":"2020-02-27T23:00:37","guid":{"rendered":"http:\/\/artegraficanet.com.ar\/blog\/?page_id=814"},"modified":"2020-07-23T18:04:51","modified_gmt":"2020-07-23T18:04:51","slug":"invitaciones-sociales","status":"publish","type":"page","link":"http:\/\/artegraficanet.com.ar\/blog\/?page_id=814","title":{"rendered":"Invitaciones Sociales"},"content":{"rendered":"\n<figure class=\"wp-block-image size-large\"><img loading=\"lazy\" decoding=\"async\" width=\"351\" height=\"209\" src=\"http:\/\/artegraficanet.com.ar\/blog\/wp-content\/uploads\/2020\/07\/naif_logo.jpg\" alt=\"\" class=\"wp-image-876\" srcset=\"http:\/\/artegraficanet.com.ar\/blog\/wp-content\/uploads\/2020\/07\/naif_logo.jpg 351w, http:\/\/artegraficanet.com.ar\/blog\/wp-content\/uploads\/2020\/07\/naif_logo-300x179.jpg 300w\" sizes=\"auto, (max-width: 351px) 100vw, 351px\" \/><\/figure>\n\n\n\n<p><a href=\"http:\/\/naiftarjetas.blogspot.com\/\">http:\/\/naiftarjetas.blogspot.com\/<\/a><\/p>\n\n\n\n<p>Entr\u00e1 y mir\u00e1 nuestro portfolio.<\/p>\n\n\n\n<p>Hacemos que tu evento sea \u00fanico. Dise\u00f1amos tu idea para que puedas enviarla en formato digital e imprimimos las piezas gr\u00e1ficas que necesites.<\/p>\n\n\n\n<p><\/p>\n","protected":false},"excerpt":{"rendered":"<p>http:\/\/naiftarjetas.blogspot.com\/ Entr\u00e1 y mir\u00e1 nuestro portfolio. Hacemos que tu evento sea \u00fanico. Dise\u00f1amos tu idea para que puedas enviarla en formato digital e imprimimos las piezas gr\u00e1ficas que necesites.<\/p>\n","protected":false},"author":1,"featured_media":0,"parent":0,"menu_order":0,"comment_status":"closed","ping_status":"closed","template":"","meta":{"footnotes":""},"class_list":["post-814","page","type-page","status-publish","czr-hentry"],"_links":{"self":[{"href":"http:\/\/artegraficanet.com.ar\/blog\/index.php?rest_route=\/wp\/v2\/pages\/814","targetHints":{"allow":["GET"]}}],"collection":[{"href":"http:\/\/artegraficanet.com.ar\/blog\/index.php?rest_route=\/wp\/v2\/pages"}],"about":[{"href":"http:\/\/artegraficanet.com.ar\/blog\/index.php?rest_route=\/wp\/v2\/types\/page"}],"author":[{"embeddable":true,"href":"http:\/\/artegraficanet.com.ar\/blog\/index.php?rest_route=\/wp\/v2\/users\/1"}],"replies":[{"embeddable":true,"href":"http:\/\/artegraficanet.com.ar\/blog\/index.php?rest_route=%2Fwp%2Fv2%2Fcomments&post=814"}],"version-history":[{"count":10,"href":"http:\/\/artegraficanet.com.ar\/blog\/index.php?rest_route=\/wp\/v2\/pages\/814\/revisions"}],"predecessor-version":[{"id":880,"href":"http:\/\/artegraficanet.com.ar\/blog\/index.php?rest_route=\/wp\/v2\/pages\/814\/revisions\/880"}],"wp:attachment":[{"href":"http:\/\/artegraficanet.com.ar\/blog\/index.php?rest_route=%2Fwp%2Fv2%2Fmedia&parent=814"}],"curies":[{"name":"wp","href":"https:\/\/api.w.org\/{rel}","templated":true}]}}