{"id":84,"date":"2015-10-07T19:38:12","date_gmt":"2015-10-07T19:38:12","guid":{"rendered":"http:\/\/artegraficanet.com.ar\/blog\/?page_id=84"},"modified":"2018-12-19T23:16:30","modified_gmt":"2018-12-19T23:16:30","slug":"tienda","status":"publish","type":"page","link":"http:\/\/artegraficanet.com.ar\/blog\/?page_id=84","title":{"rendered":"Tienda"},"content":{"rendered":"<p><strong>para regalar &#8230;<\/strong><\/p>\n<p><strong>TACOS<\/strong>,\u00a0tama\u00f1o (9 x 9 cm.) x 400 hojas obra\u00a070 grs. blanco +\u00a0color.<\/p>\n<p><a href=\"http:\/\/artegraficanet.com.ar\/blog\/wp-content\/uploads\/2015\/10\/IMG_3952.jpg\"><img loading=\"lazy\" decoding=\"async\" class=\"alignnone size-large wp-image-85\" src=\"http:\/\/artegraficanet.com.ar\/blog\/wp-content\/uploads\/2015\/10\/IMG_3952-1024x915.jpg\" alt=\"IMG_3952\" width=\"1024\" height=\"915\" srcset=\"http:\/\/artegraficanet.com.ar\/blog\/wp-content\/uploads\/2015\/10\/IMG_3952-1024x915.jpg 1024w, http:\/\/artegraficanet.com.ar\/blog\/wp-content\/uploads\/2015\/10\/IMG_3952-300x268.jpg 300w, http:\/\/artegraficanet.com.ar\/blog\/wp-content\/uploads\/2015\/10\/IMG_3952.jpg 1772w\" sizes=\"auto, (max-width: 1024px) 100vw, 1024px\" \/><\/a><\/p>\n<p>&nbsp;<\/p>\n<p><strong>Anotador MIS RECETAS<\/strong>, tama\u00f1o (14.85 x 21 cm.)<br \/>\nTapa ilustraci\u00f3n 300 grs. impresi\u00f3n digital fullcolor F&amp;D laminadas con polipropileno mate F&amp;D,<br \/>\ninterior 100 hojas obra 90 grs. impresi\u00f3n offset frente con espiral pl\u00e1stico.<\/p>\n<p><a href=\"http:\/\/artegraficanet.com.ar\/blog\/wp-content\/uploads\/2015\/10\/IMG_3981.jpg\"><img loading=\"lazy\" decoding=\"async\" class=\"alignnone size-large wp-image-88\" src=\"http:\/\/artegraficanet.com.ar\/blog\/wp-content\/uploads\/2015\/10\/IMG_3981-839x1024.jpg\" alt=\"IMG_3981\" width=\"839\" height=\"1024\" srcset=\"http:\/\/artegraficanet.com.ar\/blog\/wp-content\/uploads\/2015\/10\/IMG_3981-839x1024.jpg 839w, http:\/\/artegraficanet.com.ar\/blog\/wp-content\/uploads\/2015\/10\/IMG_3981-246x300.jpg 246w, http:\/\/artegraficanet.com.ar\/blog\/wp-content\/uploads\/2015\/10\/IMG_3981.jpg 1772w\" sizes=\"auto, (max-width: 839px) 100vw, 839px\" \/><\/a><\/p>\n<p>&nbsp;<\/p>\n<p><strong>Anotador Vintage<\/strong> x 200 hojas blanco \/ color\u00a0<span class=\"text_exposed_show\">recargable<\/span><\/p>\n<p><a href=\"http:\/\/artegraficanet.com.ar\/blog\/wp-content\/uploads\/2015\/10\/IMG_4691.jpg\" rel=\"attachment wp-att-508\"><img loading=\"lazy\" decoding=\"async\" class=\"aligncenter wp-image-508 size-large\" src=\"http:\/\/artegraficanet.com.ar\/blog\/wp-content\/uploads\/2015\/10\/IMG_4691-1024x685.jpg\" alt=\"IMG_4691\" width=\"1024\" height=\"685\" srcset=\"http:\/\/artegraficanet.com.ar\/blog\/wp-content\/uploads\/2015\/10\/IMG_4691-1024x685.jpg 1024w, http:\/\/artegraficanet.com.ar\/blog\/wp-content\/uploads\/2015\/10\/IMG_4691-300x201.jpg 300w, http:\/\/artegraficanet.com.ar\/blog\/wp-content\/uploads\/2015\/10\/IMG_4691-768x514.jpg 768w, http:\/\/artegraficanet.com.ar\/blog\/wp-content\/uploads\/2015\/10\/IMG_4691.jpg 1773w\" sizes=\"auto, (max-width: 1024px) 100vw, 1024px\" \/><\/a><\/p>\n","protected":false},"excerpt":{"rendered":"<p>para regalar &#8230; TACOS,\u00a0tama\u00f1o (9 x 9 cm.) x 400 hojas obra\u00a070 grs. blanco +\u00a0color. &nbsp; Anotador MIS RECETAS, tama\u00f1o (14.85 x 21 cm.) Tapa ilustraci\u00f3n 300 grs. impresi\u00f3n digital fullcolor F&amp;D laminadas con polipropileno mate F&amp;D, interior 100 hojas obra 90 grs. impresi\u00f3n offset frente con espiral pl\u00e1stico. &nbsp; Anotador Vintage x 200 hojas [&hellip;]<\/p>\n","protected":false},"author":1,"featured_media":0,"parent":0,"menu_order":0,"comment_status":"closed","ping_status":"closed","template":"","meta":{"footnotes":""},"class_list":["post-84","page","type-page","status-publish","czr-hentry"],"_links":{"self":[{"href":"http:\/\/artegraficanet.com.ar\/blog\/index.php?rest_route=\/wp\/v2\/pages\/84","targetHints":{"allow":["GET"]}}],"collection":[{"href":"http:\/\/artegraficanet.com.ar\/blog\/index.php?rest_route=\/wp\/v2\/pages"}],"about":[{"href":"http:\/\/artegraficanet.com.ar\/blog\/index.php?rest_route=\/wp\/v2\/types\/page"}],"author":[{"embeddable":true,"href":"http:\/\/artegraficanet.com.ar\/blog\/index.php?rest_route=\/wp\/v2\/users\/1"}],"replies":[{"embeddable":true,"href":"http:\/\/artegraficanet.com.ar\/blog\/index.php?rest_route=%2Fwp%2Fv2%2Fcomments&post=84"}],"version-history":[{"count":7,"href":"http:\/\/artegraficanet.com.ar\/blog\/index.php?rest_route=\/wp\/v2\/pages\/84\/revisions"}],"predecessor-version":[{"id":766,"href":"http:\/\/artegraficanet.com.ar\/blog\/index.php?rest_route=\/wp\/v2\/pages\/84\/revisions\/766"}],"wp:attachment":[{"href":"http:\/\/artegraficanet.com.ar\/blog\/index.php?rest_route=%2Fwp%2Fv2%2Fmedia&parent=84"}],"curies":[{"name":"wp","href":"https:\/\/api.w.org\/{rel}","templated":true}]}}